{"id":17063,"date":"2023-09-26T17:35:04","date_gmt":"2023-09-26T17:35:04","guid":{"rendered":"https:\/\/monumentsadmq.com\/?page_id=17063"},"modified":"2023-09-27T15:42:02","modified_gmt":"2023-09-27T15:42:02","slug":"privacy-policy","status":"publish","type":"page","link":"https:\/\/monumentsadmq.com\/en\/privacy-policy\/","title":{"rendered":"Privacy Policy"},"content":{"rendered":"<div class=\"wpb-content-wrapper\"><p>[vc_row css_animation=&#8221;&#8221; row_type=&#8221;row&#8221; use_row_as_full_screen_section=&#8221;no&#8221; type=&#8221;grid&#8221; angled_section=&#8221;no&#8221; text_align=&#8221;left&#8221; background_image_as_pattern=&#8221;without_pattern&#8221; z_index=&#8221;&#8221; css=&#8221;.vc_custom_1596648454045{padding-top: 150px !important;}&#8221;][vc_column][vc_column_text]<\/p>\n<h1>Privacy Policy<\/h1>\n<p>[\/vc_column_text][vc_separator type=&#8221;transparent&#8221; up=&#8221;6&#8243; down=&#8221;6&#8243;][vc_row_inner row_type=&#8221;row&#8221; type=&#8221;full_width&#8221; text_align=&#8221;left&#8221; css_animation=&#8221;&#8221;][vc_column_inner][vc_column_text]This Privacy Policy outlines how Association des D\u00e9taillants de Monuments du Qu\u00e9bec Inc. gathers, utilizes, and secures personal information belonging to visitors of our website:<a href=\"http:\/\/www.monumentsadmq.com\"> www.monumentsadmq.com<\/a>.<\/p>\n<p>&nbsp;<\/p>\n<p>By accessing or using our website, you acknowledge that you have perused, comprehended, and accepted the stipulations of this Privacy Policy. If you disagree with this Privacy Policy, kindly choose to &#8220;opt-out&#8221; of our consent request or refrain from browsing our Website.<\/p>\n<p>&nbsp;<\/p>\n<h4>Personal Information We Gather<\/h4>\n<p>We gather personal information that you willingly provide to us, including your name, email address, and any other details you decide to share when you contact us through our website.<\/p>\n<p>&nbsp;<\/p>\n<p>We also utilize Google Analytics to collect data about your visit to our website, encompassing the pages you view, the links you click, and other interactions you engage in on our website. This data is obtained using cookies and similar technologies in an anonymous manner.<\/p>\n<p>&nbsp;<\/p>\n<h4>Anonymous Information We Collect (Statistical and Marketing Cookies)<\/h4>\n<p>We collect anonymous data, such as Internet Protocol (IP) addresses logged by internet servers.<\/p>\n<p>&nbsp;<\/p>\n<p>Moreover, we acquire browsing data through our utilization of Google Analytics to compile statistics such as visitor access times, operating systems, browser types, visitor demographics (age group, country, language, etc.), and browsing patterns (pages viewed, visit count, visit duration, etc.). This information is stored using cookies and comparable technologies.<\/p>\n<p>&nbsp;<\/p>\n<p>A cookie refers to a minor text data file that is saved on a user&#8217;s computer or mobile device upon visiting a website. Cookies are employed to retain information about user preferences, language selections, login data, and browsing activities.<\/p>\n<p>&nbsp;<\/p>\n<p>It is important to note that we do not currently employ advertising tools that amass marketing cookies.<\/p>\n<p>&nbsp;<\/p>\n<p>Additionally, please be informed that we do not have access to sensitive personal data such as financial information or social insurance numbers.<\/p>\n<p>&nbsp;<\/p>\n<h4>Disabling Cookies<\/h4>\n<p>To activate or deactivate cookies in Chrome, please follow <a href=\"https:\/\/support.google.com\/accounts\/answer\/61416?hl=en&amp;sjid=15185104806864027693-NA\">these instructions provided by Google<\/a>. You can also disable the delivery of interest-based or demographic-targeted ads on Google by consulting <a href=\"https:\/\/support.google.com\/My-Ad-Center-Help\/answer\/12155764?hl=en&amp;visit_id=638284173671472866-4227736878&amp;rd=1&amp;sjid=13358977440341879527-NA\">the Ads Preference Manager<\/a>. When you deactivate this option, ads will continue to display but will no longer be tailored to your interests, demographic information, or visited websites.<\/p>\n<p>&nbsp;<\/p>\n<h4>Use of Personal Information<\/h4>\n<p>We employ your personal information for the following purposes:<\/p>\n<p>\u2022Addressing your inquiries and providing customer support.<br \/>\n\u2022Analyzing and enhancing our website&#8217;s performance (geographical data).<br \/>\n\u2022Upholding the security and protection of our website.<\/p>\n<p>&nbsp;<\/p>\n<h4>Data Retention<\/h4>\n<p>We retain your personal information for the duration required to fulfill the objectives for which it was collected or as mandated by law.<\/p>\n<p>&nbsp;<\/p>\n<h4>Information Security<\/h4>\n<p>We implement appropriate security measures to safeguard your personal information from unauthorized access, utilization, or disclosure. Nonetheless, please acknowledge that, despite our endeavors, no security measure is entirely infallible.<\/p>\n<p>&nbsp;<\/p>\n<h4>Modifications to the Privacy Policy<\/h4>\n<p>We retain the right to amend this privacy policy at any given time. We recommend that you regularly consult this privacy policy to stay informed about any revisions.<\/p>\n<p>&nbsp;<\/p>\n<h4>Contact for Information<\/h4>\n<p>For queries or concerns about this privacy policy or the manner in which we handle your personal information, kindly reach out to Association des D\u00e9taillants de Monument du Qu\u00e9bec Inc. via the subsequent postal address : 201 rue des M\u00e9sanges, Stoke, Qc, J0B 3G0 or by email at<a href=\"mailto:info@monumentsadmq.com\"> info@monumentsadmq.com<\/a>.<\/p>\n<p>&nbsp;<\/p>\n<p>Last Updated: August 28th 2023[\/vc_column_text][\/vc_column_inner][\/vc_row_inner][\/vc_column][\/vc_row][vc_row css_animation=&#8221;&#8221; row_type=&#8221;row&#8221; use_row_as_full_screen_section=&#8221;no&#8221; type=&#8221;grid&#8221; angled_section=&#8221;no&#8221; text_align=&#8221;left&#8221; background_image_as_pattern=&#8221;without_pattern&#8221; z_index=&#8221;&#8221; css=&#8221;.vc_custom_1596659338143{padding-top: 40px !important;padding-bottom: 40px !important;}&#8221;][vc_column][vc_column_text]<\/p>\n<h2>Useful links<\/h2>\n<p>[\/vc_column_text][vc_separator type=&#8221;small&#8221; position=&#8221;left&#8221; up=&#8221;6&#8243; down=&#8221;6&#8243;][vc_column_text]L\u2019association des cimeti\u00e8res chr\u00e9tiens du Qu\u00e9bec (ACCQ) \u2013 website in French<\/p>\n<p><a href=\"http:\/\/www.accquebec.com\" target=\"_blank\" rel=\"noopener noreferrer\">www.accquebec.com<\/a><\/p>\n<p>&nbsp;<\/p>\n<p>Corporation des thanatologues du Qu\u00e9bec (CTQ) \u2013 website in French<\/p>\n<p><a href=\"http:\/\/www.domainefuneraire.com\" target=\"_blank\" rel=\"noopener noreferrer\">www.domainefuneraire.com<\/a><\/p>\n<p>&nbsp;<\/p>\n<p>Retraite Qu\u00e9bec<\/p>\n<p><a href=\"http:\/\/www.retraitequebec.gouv.qc.ca\/en\">www.retraitequebec.gouv.qc.ca\/en<\/a>[\/vc_column_text][\/vc_column][\/vc_row]<\/p>\n<\/div>","protected":false},"excerpt":{"rendered":"<p>[vc_row css_animation=&#8221;&#8221; row_type=&#8221;row&#8221; use_row_as_full_screen_section=&#8221;no&#8221; type=&#8221;grid&#8221; angled_section=&#8221;no&#8221; text_align=&#8221;left&#8221; background_image_as_pattern=&#8221;without_pattern&#8221; z_index=&#8221;&#8221; css=&#8221;.vc_custom_1596648454045{padding-top: 150px !important;}&#8221;][vc_column][vc_column_text] Privacy Policy [\/vc_column_text][vc_separator type=&#8221;transparent&#8221; up=&#8221;6&#8243; down=&#8221;6&#8243;][vc_row_inner row_type=&#8221;row&#8221; type=&#8221;full_width&#8221; text_align=&#8221;left&#8221; css_animation=&#8221;&#8221;][vc_column_inner][vc_column_text]This Privacy Policy outlines how Association des D\u00e9taillants de Monuments du Qu\u00e9bec Inc. gathers, utilizes, and secures personal information belonging to visitors of our&#8230;<\/p>\n","protected":false},"author":1,"featured_media":0,"parent":0,"menu_order":0,"comment_status":"open","ping_status":"open","template":"full_width.php","meta":{"_monsterinsights_skip_tracking":false,"_monsterinsights_sitenote_active":false,"_monsterinsights_sitenote_note":"","_monsterinsights_sitenote_category":0,"footnotes":""},"class_list":["post-17063","page","type-page","status-publish","hentry"],"yoast_head":"<!-- This site is optimized with the Yoast SEO plugin v26.7 - https:\/\/yoast.com\/wordpress\/plugins\/seo\/ -->\n<title>Privacy Policy - monuments ADMQ<\/title>\n<meta name=\"robots\" content=\"index, follow, max-snippet:-1, max-image-preview:large, max-video-preview:-1\" \/>\n<link rel=\"canonical\" href=\"https:\/\/monumentsadmq.com\/en\/privacy-policy\/\" \/>\n<meta property=\"og:locale\" content=\"en_US\" \/>\n<meta property=\"og:type\" content=\"article\" \/>\n<meta property=\"og:title\" content=\"Privacy Policy - monuments ADMQ\" \/>\n<meta property=\"og:description\" content=\"[vc_row css_animation=&#8221;&#8221; row_type=&#8221;row&#8221; use_row_as_full_screen_section=&#8221;no&#8221; type=&#8221;grid&#8221; angled_section=&#8221;no&#8221; text_align=&#8221;left&#8221; background_image_as_pattern=&#8221;without_pattern&#8221; z_index=&#8221;&#8221; css=&#8221;.vc_custom_1596648454045{padding-top: 150px !important;}&#8221;][vc_column][vc_column_text] Privacy Policy [\/vc_column_text][vc_separator type=&#8221;transparent&#8221; up=&#8221;6&#8243; down=&#8221;6&#8243;][vc_row_inner row_type=&#8221;row&#8221; type=&#8221;full_width&#8221; text_align=&#8221;left&#8221; css_animation=&#8221;&#8221;][vc_column_inner][vc_column_text]This Privacy Policy outlines how Association des D\u00e9taillants de Monuments du Qu\u00e9bec Inc. gathers, utilizes, and secures personal information belonging to visitors of our...\" \/>\n<meta property=\"og:url\" content=\"https:\/\/monumentsadmq.com\/en\/privacy-policy\/\" \/>\n<meta property=\"og:site_name\" content=\"monuments ADMQ\" \/>\n<meta property=\"article:modified_time\" content=\"2023-09-27T15:42:02+00:00\" \/>\n<meta name=\"twitter:card\" content=\"summary_large_image\" \/>\n<meta name=\"twitter:label1\" content=\"Est. reading time\" \/>\n\t<meta name=\"twitter:data1\" content=\"4 minutes\" \/>\n<script type=\"application\/ld+json\" class=\"yoast-schema-graph\">{\"@context\":\"https:\/\/schema.org\",\"@graph\":[{\"@type\":\"WebPage\",\"@id\":\"https:\/\/monumentsadmq.com\/en\/privacy-policy\/\",\"url\":\"https:\/\/monumentsadmq.com\/en\/privacy-policy\/\",\"name\":\"Privacy Policy - monuments ADMQ\",\"isPartOf\":{\"@id\":\"https:\/\/monumentsadmq.com\/#website\"},\"datePublished\":\"2023-09-26T17:35:04+00:00\",\"dateModified\":\"2023-09-27T15:42:02+00:00\",\"breadcrumb\":{\"@id\":\"https:\/\/monumentsadmq.com\/en\/privacy-policy\/#breadcrumb\"},\"inLanguage\":\"en-US\",\"potentialAction\":[{\"@type\":\"ReadAction\",\"target\":[\"https:\/\/monumentsadmq.com\/en\/privacy-policy\/\"]}]},{\"@type\":\"BreadcrumbList\",\"@id\":\"https:\/\/monumentsadmq.com\/en\/privacy-policy\/#breadcrumb\",\"itemListElement\":[{\"@type\":\"ListItem\",\"position\":1,\"name\":\"Accueil\",\"item\":\"https:\/\/monumentsadmq.com\/en\/\"},{\"@type\":\"ListItem\",\"position\":2,\"name\":\"Privacy Policy\"}]},{\"@type\":\"WebSite\",\"@id\":\"https:\/\/monumentsadmq.com\/#website\",\"url\":\"https:\/\/monumentsadmq.com\/\",\"name\":\"monuments ADMQ\",\"description\":\"Un site utilisant WordPress\",\"potentialAction\":[{\"@type\":\"SearchAction\",\"target\":{\"@type\":\"EntryPoint\",\"urlTemplate\":\"https:\/\/monumentsadmq.com\/?s={search_term_string}\"},\"query-input\":{\"@type\":\"PropertyValueSpecification\",\"valueRequired\":true,\"valueName\":\"search_term_string\"}}],\"inLanguage\":\"en-US\"}]}<\/script>\n<!-- \/ Yoast SEO plugin. -->","yoast_head_json":{"title":"Privacy Policy - monuments ADMQ","robots":{"index":"index","follow":"follow","max-snippet":"max-snippet:-1","max-image-preview":"max-image-preview:large","max-video-preview":"max-video-preview:-1"},"canonical":"https:\/\/monumentsadmq.com\/en\/privacy-policy\/","og_locale":"en_US","og_type":"article","og_title":"Privacy Policy - monuments ADMQ","og_description":"[vc_row css_animation=&#8221;&#8221; row_type=&#8221;row&#8221; use_row_as_full_screen_section=&#8221;no&#8221; type=&#8221;grid&#8221; angled_section=&#8221;no&#8221; text_align=&#8221;left&#8221; background_image_as_pattern=&#8221;without_pattern&#8221; z_index=&#8221;&#8221; css=&#8221;.vc_custom_1596648454045{padding-top: 150px !important;}&#8221;][vc_column][vc_column_text] Privacy Policy [\/vc_column_text][vc_separator type=&#8221;transparent&#8221; up=&#8221;6&#8243; down=&#8221;6&#8243;][vc_row_inner row_type=&#8221;row&#8221; type=&#8221;full_width&#8221; text_align=&#8221;left&#8221; css_animation=&#8221;&#8221;][vc_column_inner][vc_column_text]This Privacy Policy outlines how Association des D\u00e9taillants de Monuments du Qu\u00e9bec Inc. gathers, utilizes, and secures personal information belonging to visitors of our...","og_url":"https:\/\/monumentsadmq.com\/en\/privacy-policy\/","og_site_name":"monuments ADMQ","article_modified_time":"2023-09-27T15:42:02+00:00","twitter_card":"summary_large_image","twitter_misc":{"Est. reading time":"4 minutes"},"schema":{"@context":"https:\/\/schema.org","@graph":[{"@type":"WebPage","@id":"https:\/\/monumentsadmq.com\/en\/privacy-policy\/","url":"https:\/\/monumentsadmq.com\/en\/privacy-policy\/","name":"Privacy Policy - monuments ADMQ","isPartOf":{"@id":"https:\/\/monumentsadmq.com\/#website"},"datePublished":"2023-09-26T17:35:04+00:00","dateModified":"2023-09-27T15:42:02+00:00","breadcrumb":{"@id":"https:\/\/monumentsadmq.com\/en\/privacy-policy\/#breadcrumb"},"inLanguage":"en-US","potentialAction":[{"@type":"ReadAction","target":["https:\/\/monumentsadmq.com\/en\/privacy-policy\/"]}]},{"@type":"BreadcrumbList","@id":"https:\/\/monumentsadmq.com\/en\/privacy-policy\/#breadcrumb","itemListElement":[{"@type":"ListItem","position":1,"name":"Accueil","item":"https:\/\/monumentsadmq.com\/en\/"},{"@type":"ListItem","position":2,"name":"Privacy Policy"}]},{"@type":"WebSite","@id":"https:\/\/monumentsadmq.com\/#website","url":"https:\/\/monumentsadmq.com\/","name":"monuments ADMQ","description":"Un site utilisant WordPress","potentialAction":[{"@type":"SearchAction","target":{"@type":"EntryPoint","urlTemplate":"https:\/\/monumentsadmq.com\/?s={search_term_string}"},"query-input":{"@type":"PropertyValueSpecification","valueRequired":true,"valueName":"search_term_string"}}],"inLanguage":"en-US"}]}},"_links":{"self":[{"href":"https:\/\/monumentsadmq.com\/en\/wp-json\/wp\/v2\/pages\/17063","targetHints":{"allow":["GET"]}}],"collection":[{"href":"https:\/\/monumentsadmq.com\/en\/wp-json\/wp\/v2\/pages"}],"about":[{"href":"https:\/\/monumentsadmq.com\/en\/wp-json\/wp\/v2\/types\/page"}],"author":[{"embeddable":true,"href":"https:\/\/monumentsadmq.com\/en\/wp-json\/wp\/v2\/users\/1"}],"replies":[{"embeddable":true,"href":"https:\/\/monumentsadmq.com\/en\/wp-json\/wp\/v2\/comments?post=17063"}],"version-history":[{"count":4,"href":"https:\/\/monumentsadmq.com\/en\/wp-json\/wp\/v2\/pages\/17063\/revisions"}],"predecessor-version":[{"id":17075,"href":"https:\/\/monumentsadmq.com\/en\/wp-json\/wp\/v2\/pages\/17063\/revisions\/17075"}],"wp:attachment":[{"href":"https:\/\/monumentsadmq.com\/en\/wp-json\/wp\/v2\/media?parent=17063"}],"curies":[{"name":"wp","href":"https:\/\/api.w.org\/{rel}","templated":true}]}}